{"id":821,"date":"2023-11-28T09:44:22","date_gmt":"2023-11-28T09:44:22","guid":{"rendered":"https:\/\/myfrenchmobility.com\/mentions-legales\/"},"modified":"2023-11-29T12:59:31","modified_gmt":"2023-11-29T12:59:31","slug":"legal-notice","status":"publish","type":"page","link":"https:\/\/myfrenchmobility.com\/en\/legal-notice\/","title":{"rendered":"Legal notice"},"content":{"rendered":"<section class=\"wpb-content-wrapper\">[vc_row pix_particles_check=&#8221;&#8221;][vc_column][vc_column_text]\r\n<div class=\"selectableSection zw-contentpane\">\r\n<h2><span id=\"_Toc2xnx71q1fzrq\" data-bookmark-id=\"toc_95xbqaro9v6m\" data-bookmark-name=\"_Toc2xnx71q1fzrq\"><\/span>PRESENTATION DU SITE<\/h2>\r\nEn vertu de l\u2019article 6 de la loi n\u00b0 2004-575 du 21 juin 2004 pour la confiance dans l\u2019\u00e9conomie num\u00e9rique, les diff\u00e9rents intervenants du site dans le cadre de sa r\u00e9alisation et de son suivi :\r\n<ul class=\"lst-12472744--1\" data-list=\"listId:12472744,listLevel:0\">\r\n \t<li>Propri\u00e9taire \u00a0:\u00a0<span class=\"mergeField\">My French Mobility<\/span> &#8211;\u00a0<span class=\"mergeField\">94971592400013<\/span>, s<span class=\"mergeField\">oci\u00e9t\u00e9 d&#8217;exercice lib\u00e9ral \u00e0 responsabilit\u00e9 limit\u00e9e<\/span>. Le propri\u00e9taire du site internet est joignable \u00e0 cette adresse :\u00a0<span class=\"mergeField\"><a href=\"mailto:contact@myfrenchmobility.com\">contact@myfrenchmobility.com<\/a><\/span><\/li>\r\n \t<li>Adresse :\u00a0<span class=\"mergeField\">152 Rue Pierre Corneille, 69003 LYON 3\u00e8me<\/span><\/li>\r\n \t<li>Cr\u00e9ateur du site\u00a0 : \u00a0<span class=\"mergeField\">Le Site Fran\u00e7ais<\/span><\/li>\r\n \t<li>Responsable publication \u00a0:\u00a0<span class=\"mergeField\">\u00c9milie<\/span>\u00a0<span class=\"mergeField\">Ledan<\/span> &#8211;\u00a0<span class=\"mergeField\"><a href=\"mailto:contact@myfrenchmobility.com\">contact@myfrenchmobility.com<\/a><\/span><\/li>\r\n \t<li>Webmaster \u00a0:\u00a0<span class=\"mergeField\">Le Site Fran\u00e7ais<\/span> \u00a0&#8211; \u00a0<span class=\"mergeField\"><a href=\"mailto:bonjour@le-site-francais.fr\">bonjour@le-site-francais.fr<\/a><\/span><\/li>\r\n \t<li>H\u00e9bergeur \u00a0:\u00a0<span class=\"mergeField\">OVH<\/span>\u00a0<span class=\"mergeField\">2 rue Kellermann \u2013 BP 80157 59053 ROUBAIX CEDEX 1<\/span><\/li>\r\n<\/ul>\r\nCes mentions l\u00e9gales sont offertes par\u00a0<span class=\"link\">Le G\u00e9n\u00e9rateur de Mentions L\u00e9gales du Site Fran\u00e7ais<\/span>\r\n<h2><span id=\"_Toc9wt4tm1copl0\" data-bookmark-id=\"toc_h6mmyyamnxaz\" data-bookmark-name=\"_Toc9wt4tm1copl0\"><\/span>\u00a0 CONDITIONS D\u2019UTILISATION<\/h2>\r\nL\u2019utilisation du site \u00a0implique l\u2019acceptation pleine et enti\u00e8re des conditions g\u00e9n\u00e9rales d\u2019utilisation ci-apr\u00e8s d\u00e9crites. Ces conditions d\u2019utilisation sont susceptibles d\u2019\u00eatre modifi\u00e9es ou compl\u00e9t\u00e9es \u00e0 tout moment, les utilisateurs du site sont donc invit\u00e9s \u00e0 les consulter de mani\u00e8re r\u00e9guli\u00e8re.\r\n\r\nLe site est mis \u00e0 jour r\u00e9guli\u00e8rement par\u00a0<span class=\"mergeField\">\u00c9milie<\/span>\u00a0<span class=\"mergeField\">Ledan<\/span>. De la m\u00eame fa\u00e7on,\u00a0les mentions l\u00e9gales peuvent \u00eatre modifi\u00e9es \u00e0 tout moment : elles s\u2019imposent n\u00e9anmoins \u00e0 l\u2019utilisateur qui est invit\u00e9 \u00e0 s\u2019y r\u00e9f\u00e9rer le plus souvent possible afin d\u2019en prendre connaissance.\r\n<h2><span id=\"_Tocaltigu92tyl1\" data-bookmark-id=\"toc_096mq736t2zp\" data-bookmark-name=\"_Tocaltigu92tyl1\"><\/span>\u00a0 SERVICES FOURNIS<\/h2>\r\n<span class=\"mergeField\">\u00c9milie<\/span>\u00a0<span class=\"mergeField\">Ledan<\/span>,\u00a0s\u2019efforce de fournir sur le site des informations aussi pr\u00e9cises que possible.\r\n\r\nToutefois, il ne pourra \u00eatre tenue responsable des omissions, des inexactitudes et des carences dans la mise \u00e0 jour, qu\u2019elles soient de son fait ou du fait des tiers partenaires qui lui fournissent ces informations.\r\n\r\nTous les informations indiqu\u00e9es sur le site\u00a0<a href=\"https:\/\/myfrenchmobility.com\/\" rel=\"noreferrer\"><span class=\"mergeField\">https:\/\/myfrenchmobility.com\/<\/span><\/a> sont donn\u00e9es \u00e0 titre indicatif, et sont susceptibles d\u2019\u00e9voluer. Aussi, toutes les informations indiqu\u00e9es sur le site <a href=\"https:\/\/myfrenchmobility.com\/\" rel=\"noreferrer\"><span class=\"mergeField\">https:\/\/myfrenchmobility.com\/<\/span><\/a> sont donn\u00e9es \u00e0 titre indicatif, et sont susceptibles de changer ou d\u2019\u00e9voluer sans pr\u00e9avis.\r\n\r\nSi vous constatez une lacune, erreur ou ce qui parait \u00eatre un dysfonctionnement, merci de bien vouloir le signaler par email, \u00e0 l\u2019adresse\u00a0<span class=\"mergeField\"><a href=\"mailto:contact@myfrenchmobility.com\">contact@myfrenchmobility.com<\/a><\/span>, en d\u00e9crivant le probl\u00e8me de la mani\u00e8re la plus pr\u00e9cise possible (vous vous trouver sur un t\u00e9l\u00e9phone, une tablette ou bien un ordinateur ; nom de la page qui pose probl\u00e8me, type de syst\u00e8me d\u2019exploitation, navigateur utilis\u00e9,\u2026).\r\n\r\n<span class=\"mergeField\">\u00c9milie<\/span>\u00a0<span class=\"mergeField\">Ledan<\/span>\u00a0n\u2019est en aucun cas responsable de l\u2019utilisation faite de ces informations, et de tout pr\u00e9judice direct ou indirect pouvant en d\u00e9couler.\r\n<h2><span id=\"_Toc3tmk4nh5t3ch\" data-bookmark-id=\"toc_9nwzyjyszs7j\" data-bookmark-name=\"_Toc3tmk4nh5t3ch\"><\/span>PROPRIETE INTELLECTUELLE ET CONTREFACONS<\/h2>\r\n<span class=\"mergeField\">My French Mobility<\/span> est le propri\u00e9taire des droits de propri\u00e9t\u00e9 intellectuelle ou d\u00e9tient les droits d\u2019usage sur tous les \u00e9l\u00e9ments accessibles sur le site, notamment les textes, images, graphismes, logo, ic\u00f4nes, sons, logiciels.\r\n\r\nToute reproduction, repr\u00e9sentation, modification, publication, distribution, retransmission, adaptation de tout ou partie des \u00e9l\u00e9ments du site, quel que soit le moyen ou le proc\u00e9d\u00e9 utilis\u00e9, est interdite, sauf autorisation \u00e9crite pr\u00e9alable de :\u00a0<a href=\"https:\/\/myfrenchmobility.com\/\" rel=\"noreferrer\"><span class=\"mergeField\">https:\/\/myfrenchmobility.com\/<\/span><\/a>.\r\n\r\nToute exploitation non autoris\u00e9e du site ou de l\u2019un quelconque des \u00e9l\u00e9ments qu\u2019il contient, par quelque proc\u00e9d\u00e9 que ce soit, sera consid\u00e9r\u00e9e comme constitutive d\u2019une contrefa\u00e7on et poursuivie conform\u00e9ment aux dispositions des articles L.335-2 et suivants du Code de Propri\u00e9t\u00e9 Intellectuelle.\r\n\r\nLe non-respect de cette interdiction constitue une contrefa\u00e7on pouvant engager la responsabilit\u00e9 civile et p\u00e9nale du contrefacteur. En outre, les propri\u00e9taires des Contenus copi\u00e9s pourraient intenter une action en justice \u00e0 votre encontre.\r\n<h2><span id=\"_Toc9l23yp04d0b8\" data-bookmark-id=\"toc_fp9hz200hzra\" data-bookmark-name=\"_Toc9l23yp04d0b8\"><\/span>\u00a0LIMITATIONS DE RESPONSABILITES<\/h2>\r\nL\u2019utilisateur du site s\u2019engage \u00e0 acc\u00e9der au site en utilisant un mat\u00e9riel r\u00e9cent, ne contenant pas de virus et avec un navigateur de derni\u00e8re g\u00e9n\u00e9ration mis-\u00e0-jour.\r\n\r\n<span class=\"mergeField\">\u00c9milie<\/span>\u00a0<span class=\"mergeField\">Ledan<\/span>\u00a0ne pourra \u00eatre tenue responsable des dommages directs et indirects caus\u00e9s au mat\u00e9riel de l\u2019utilisateur, lors de l\u2019acc\u00e8s au site\u00a0<a href=\"https:\/\/myfrenchmobility.com\/\" rel=\"noreferrer\"><span class=\"mergeField\">https:\/\/myfrenchmobility.com\/<\/span><\/a>, et r\u00e9sultant soit de l\u2019utilisation d\u2019un mat\u00e9riel ne r\u00e9pondant pas aux sp\u00e9cifications indiqu\u00e9es ci-dessus, soit de l\u2019apparition d\u2019un bug ou d\u2019une incompatibilit\u00e9.\r\n\r\n<span class=\"mergeField\">\u00c9milie<\/span>\u00a0<span class=\"mergeField\">Ledan<\/span>\u00a0 ne pourra \u00e9galement \u00eatre tenue responsable des dommages indirects (tels par exemple qu\u2019une perte de march\u00e9 ou perte d\u2019une chance) cons\u00e9cutifs \u00e0 l\u2019utilisation du site\u00a0<a href=\"https:\/\/myfrenchmobility.com\/\" rel=\"noreferrer\"><span class=\"mergeField\">https:\/\/myfrenchmobility.com\/<\/span><\/a>.\r\n\r\nDes espaces interactifs (possibilit\u00e9 de poser des questions dans l\u2019espace contact) sont \u00e0 la disposition des utilisateurs.\u00a0<span class=\"mergeField\">\u00c9milie<\/span>\u00a0<span class=\"mergeField\">Ledan<\/span>\u00a0 se r\u00e9serve le droit de supprimer, sans mise en demeure pr\u00e9alable, tout contenu d\u00e9pos\u00e9 dans cet espace qui contreviendrait \u00e0 la l\u00e9gislation applicable en France, en particulier aux dispositions relatives \u00e0 la protection des donn\u00e9es.\r\n\r\nLe cas \u00e9ch\u00e9ant,\u00a0<span class=\"mergeField\">\u00c9milie<\/span>\u00a0<span class=\"mergeField\">Ledan<\/span> se r\u00e9serve aussi la possibilit\u00e9 de mettre en cause la responsabilit\u00e9 civile et\/ou p\u00e9nale de l\u2019utilisateur, notamment en cas de message \u00e0 caract\u00e8re diffamant, raciste, injurieux ou pornographique, quel que soit le support utilis\u00e9 (texte, vid\u00e9o, photographie\u2026).\r\n<h2><span id=\"_Tocq0r2dgnu3dqp\" data-bookmark-id=\"toc_y1e6juni58z3\" data-bookmark-name=\"_Tocq0r2dgnu3dqp\"><\/span>Gestion des donn\u00e9es personnelles.<\/h2>\r\nEn France, les donn\u00e9es personnelles sont notamment prot\u00e9g\u00e9es par la loi n\u00b0 78-87 du 6 janvier 1978, la loi n\u00b0 2004-801 du 6 ao\u00fbt 2004, l\u2019article L. 226-13 du Code p\u00e9nal et la Directive Europ\u00e9enne du 24 octobre 1995.\r\n\r\nA l\u2019occasion de l\u2019utilisation du site\u00a0<a href=\"https:\/\/myfrenchmobility.com\/\" rel=\"noreferrer\"><span class=\"mergeField\">https:\/\/myfrenchmobility.com\/<\/span><\/a>, peuvent \u00eatre recueillies : l\u2019URL des liens par l\u2019interm\u00e9diaire desquels l\u2019utilisateur a acc\u00e9d\u00e9 \u00e0 ce site, le fournisseur d\u2019acc\u00e8s de l\u2019utilisateur, l\u2019adresse de protocole Internet (IP) de l\u2019utilisateur.\r\n\r\nEn tout \u00e9tat de cause\u00a0<span class=\"mergeField\">\u00c9milie<\/span>\u00a0<span class=\"mergeField\">Ledan<\/span>\u00a0ne collecte des informations personnelles relatives \u00e0 l\u2019utilisateur que pour le besoin de certains services propos\u00e9s par le site \u00a0<a href=\"https:\/\/myfrenchmobility.com\/\" rel=\"noreferrer\"><span class=\"mergeField\">https:\/\/myfrenchmobility.com\/<\/span><\/a>. L\u2019utilisateur fournit ces informations en toute connaissance de cause, notamment lorsqu\u2019il proc\u00e8de par lui-m\u00eame \u00e0 leur saisie. Il est alors pr\u00e9cis\u00e9 \u00e0 l\u2019utilisateur du site\u00a0<a href=\"https:\/\/myfrenchmobility.com\/\" rel=\"noreferrer\"><span class=\"mergeField\">https:\/\/myfrenchmobility.com\/<\/span><\/a> l\u2019obligation ou non de fournir ces informations.\r\n\r\nConform\u00e9ment aux dispositions des articles 38 et suivants de la loi 78-17 du 6 janvier 1978 relative \u00e0 l\u2019informatique, aux fichiers et aux libert\u00e9s, tout utilisateur dispose d\u2019un droit d\u2019acc\u00e8s, de rectification et d\u2019opposition aux donn\u00e9es personnelles le concernant, en effectuant sa demande \u00e9crite et sign\u00e9e, accompagn\u00e9e d\u2019une copie du titre d\u2019identit\u00e9 avec signature du titulaire de la pi\u00e8ce, en pr\u00e9cisant l\u2019adresse \u00e0 laquelle la r\u00e9ponse doit \u00eatre envoy\u00e9e.\r\n\r\nAucune information personnelle de l\u2019utilisateur du site\u00a0<a href=\"https:\/\/myfrenchmobility.com\/\" rel=\"noreferrer\"><span class=\"mergeField\">https:\/\/myfrenchmobility.com\/<\/span><\/a> n\u2019est publi\u00e9e \u00e0 l\u2019insu de l\u2019utilisateur, \u00e9chang\u00e9e, transf\u00e9r\u00e9e, c\u00e9d\u00e9e ou vendue sur un support quelconque \u00e0 des tiers. Seule l\u2019hypoth\u00e8se du rachat de\u00a0<span class=\"mergeField\">\u00c9milie<\/span>\u00a0<span class=\"mergeField\">Ledan<\/span> \u00a0et\/ou du site internet de ses droits permettrait la transmission des dites informations \u00e0 l\u2019\u00e9ventuel acqu\u00e9reur qui serait \u00e0 son tour tenu de la m\u00eame obligation de conservation et de modification des donn\u00e9es vis \u00e0 vis de l\u2019utilisateur du site.\r\n\r\nLes bases de donn\u00e9es sont prot\u00e9g\u00e9es par les dispositions de la loi du 1er juillet 1998 transposant la directive 96\/9 du 11 mars 1996 relative \u00e0 la protection juridique des bases de donn\u00e9es.\r\n<h2><span id=\"_Tocn1t8n9g0g9fa\" data-bookmark-id=\"toc_52hwliqefucm\" data-bookmark-name=\"_Tocn1t8n9g0g9fa\"><\/span>LIENS HYPERTEXTES ET COOKIES<\/h2>\r\nLe site\u00a0<a href=\"https:\/\/myfrenchmobility.com\/\" rel=\"noreferrer\"><span class=\"mergeField\">https:\/\/myfrenchmobility.com\/<\/span><\/a> peut contenir un certain nombre de liens hypertextes vers d\u2019autres sites, mis en place avec l\u2019autorisation de\u00a0<span class=\"mergeField\">\u00c9milie<\/span>\u00a0<span class=\"mergeField\">Ledan<\/span>.\r\n\r\nCependant,\u00a0<span class=\"mergeField\">\u00c9milie<\/span>\u00a0<span class=\"mergeField\">Ledan<\/span> n\u2019a pas la possibilit\u00e9 de v\u00e9rifier le contenu des sites ainsi visit\u00e9s, et n\u2019assumera en cons\u00e9quence aucune responsabilit\u00e9 de ce fait.\r\n\r\nLa navigation sur le site\u00a0<a href=\"https:\/\/myfrenchmobility.com\/\" rel=\"noreferrer\"><span class=\"mergeField\">https:\/\/myfrenchmobility.com\/<\/span><\/a> est susceptible de provoquer l\u2019installation de cookie(s) sur l\u2019ordinateur de l\u2019utilisateur.\r\n\r\nUn cookie est un fichier de petite taille, qui ne permet pas l\u2019identification de l\u2019utilisateur, mais qui enregistre des informations relatives \u00e0 la navigation d\u2019un ordinateur sur un site. Les donn\u00e9es ainsi obtenues visent \u00e0 faciliter la navigation ult\u00e9rieure sur le site, et ont \u00e9galement vocation \u00e0 permettre diverses mesures de fr\u00e9quentation.\r\n\r\nLe refus d\u2019installation d\u2019un cookie peut entra\u00eener l\u2019impossibilit\u00e9 d\u2019acc\u00e9der \u00e0 certains services. L\u2019utilisateur peut toutefois configurer son ordinateur de la mani\u00e8re suivante, pour refuser l\u2019installation des cookies :\r\n<ul class=\"lst-42192539--1\" data-list=\"listId:42192539,listLevel:0\">\r\n \t<li>Sous Internet Explorer :\u00a0onglet outil (pictogramme en forme de rouage en haut a droite) \/ options internet. Cliquez sur Confidentialit\u00e9 et choisissez Bloquer tous les cookies. Validez sur Ok.<\/li>\r\n \t<li>Sous Firefox :\u00a0en haut de la fen\u00eatre du navigateur, cliquez sur le bouton Firefox, puis aller dans l\u2019onglet Options. Cliquer sur l\u2019onglet Vie priv\u00e9e.<\/li>\r\n \t<li>Param\u00e9trez les R\u00e8gles de conservation sur :\u00a0utiliser les param\u00e8tres personnalis\u00e9s pour l\u2019historique. Enfin d\u00e9cochez-la pour d\u00e9sactiver les cookies.<\/li>\r\n \t<li>Sous Safari :\u00a0Cliquez en haut \u00e0 droite du navigateur sur le pictogramme de menu (symbolis\u00e9 par un rouage). S\u00e9lectionnez Param\u00e8tres. Cliquez sur Afficher les param\u00e8tres avanc\u00e9s. Dans la section \u201cConfidentialit\u00e9\u201d, cliquez sur Param\u00e8tres de contenu. Dans la section \u201cCookies\u201d, vous pouvez bloquer les cookies.<\/li>\r\n \t<li>Sous Chrome :\u00a0Cliquez en haut \u00e0 droite du navigateur sur le pictogramme de menu (symbolis\u00e9 par trois lignes horizontales). S\u00e9lectionnez Param\u00e8tres. Cliquez sur Afficher les param\u00e8tres avanc\u00e9s. Dans la section \u201cConfidentialit\u00e9\u201d, cliquez sur pr\u00e9f\u00e9rences. Dans l\u2019onglet \u201cConfidentialit\u00e9\u201d, vous pouvez bloquer les cookies.<\/li>\r\n<\/ul>\r\nLes liens hypertextes mis en place dans le cadre du pr\u00e9sent site internet en direction d&#8217;autres ressources pr\u00e9sentes sur le r\u00e9seau Internet ne sauraient engager la responsabilit\u00e9 de\u00a0<span class=\"mergeField\">\u00c9milie<\/span>\u00a0<span class=\"mergeField\">Ledan<\/span>.\r\n\r\nTout contenu t\u00e9l\u00e9charg\u00e9 se fait aux risques et p\u00e9rils de l&#8217;utilisateur et sous sa seule responsabilit\u00e9. En cons\u00e9quence,\u00a0<span class=\"mergeField\">\u00c9milie<\/span>\u00a0<span class=\"mergeField\">Ledan<\/span> ne saurait \u00eatre tenu responsable d&#8217;un quelconque dommage subi par l&#8217;ordinateur de l&#8217;utilisateur ou d&#8217;une quelconque perte de donn\u00e9es cons\u00e9cutives au t\u00e9l\u00e9chargement.\r\n<h2><span id=\"_Tocqb3qw0gcz7tz\" data-bookmark-id=\"toc_g256lsfsh5ik\" data-bookmark-name=\"_Tocqb3qw0gcz7tz\"><\/span>DROIT APPLICABLE ET ATTRIBUTION DE JURIDICTION<\/h2>\r\nLes pr\u00e9sentes conditions du site\u00a0<a href=\"https:\/\/myfrenchmobility.com\/\" rel=\"noreferrer\"><span class=\"mergeField\">https:\/\/myfrenchmobility.com\/<\/span><\/a> sont r\u00e9gies par les lois fran\u00e7aises et toute contestation ou litiges qui pourraient na\u00eetre de l&#8217;interpr\u00e9tation ou de l&#8217;ex\u00e9cution de celles-ci seront de la comp\u00e9tence exclusive des tribunaux dont d\u00e9pend le si\u00e8ge social de la soci\u00e9t\u00e9\u00a0<span class=\"mergeField\">\u00c9milie<\/span>\u00a0<span class=\"mergeField\">Ledan<\/span>. La langue de r\u00e9f\u00e9rence, pour le r\u00e8glement de contentieux \u00e9ventuels, est le fran\u00e7ais.\r\n<h2><span id=\"_Toc0inyy92nhjnv\" data-bookmark-id=\"toc_6gc6svu2vxrb\" data-bookmark-name=\"_Toc0inyy92nhjnv\"><\/span>LES PRINCIPALES LOIS CONCERNEES<\/h2>\r\nLoi n\u00b0 78-17 du 6 janvier 1978, notamment modifi\u00e9e par la loi n\u00b0 2004-801 du 6 ao\u00fbt 2004 relative \u00e0 l\u2019informatique, aux fichiers et aux libert\u00e9s.\r\n\r\nLoi n\u00b0 2004-575 du 21 juin 2004 pour la confiance dans l\u2019\u00e9conomie num\u00e9rique.\r\n<h2><span id=\"_Tocw5et83ctgn30\" data-bookmark-id=\"toc_o1qpk23dccmf\" data-bookmark-name=\"_Tocw5et83ctgn30\"><\/span>LEXIQUE<\/h2>\r\n<ul class=\"lst-12521802--1\" data-list=\"listId:12521802,listLevel:0\">\r\n \t<li>Propri\u00e9taire du site :\u00a0Responsable l\u00e9gal des informations contenues dans le site internet<\/li>\r\n \t<li>Webmaster : Personne en charge du maintien technique et des mises \u00e0 jour techniques du site internet<\/li>\r\n \t<li>Responsable publication :\u00a0Personne en charge de la mise \u00e0 jour des contenus (textes, visuels, multim\u00e9dia, etc.) sur le site internet<\/li>\r\n \t<li>H\u00e9bergeur : Espace de stockage du site internet<\/li>\r\n \t<li>Utilisateur : Internaute se connectant, utilisant le site susnomm\u00e9.<\/li>\r\n \t<li>Informations personnelles : \u00ab les informations qui permettent, sous quelque forme que ce soit, directement ou non, l\u2019identification des personnes physiques auxquelles elles s\u2019appliquent \u00bb (article 4 de la loi n\u00b0 78-17 du 6 janvier 1978).<\/li>\r\n<\/ul>\r\n<\/div>\r\n[\/vc_column_text][\/vc_column][\/vc_row]<\/section>","protected":false},"excerpt":{"rendered":"[vc_row pix_particles_check=&#8221;&#8221;][vc_column][vc_column_text] PRESENTATION DU SITE En vertu de l\u2019article 6 de la loi n\u00b0 2004-575 du 21 juin 2004 pour la confiance dans l\u2019\u00e9conomie num\u00e9rique, les diff\u00e9rents intervenants du site dans le cadre de sa r\u00e9alisation et de son suivi&#8230;","protected":false},"author":1,"featured_media":0,"parent":0,"menu_order":0,"comment_status":"closed","ping_status":"closed","template":"","meta":{"footnotes":""},"class_list":["post-821","page","type-page","status-publish","hentry"],"yoast_head":"<!-- This site is optimized with the Yoast SEO plugin v21.6 - https:\/\/yoast.com\/wordpress\/plugins\/seo\/ -->\n<title>Legal notice - My French Mobility<\/title>\n<meta name=\"robots\" content=\"noindex, nofollow\" \/>\n<meta property=\"og:locale\" content=\"en_US\" \/>\n<meta property=\"og:type\" content=\"article\" \/>\n<meta property=\"og:title\" content=\"Legal notice - My French Mobility\" \/>\n<meta property=\"og:description\" content=\"[vc_row pix_particles_check=&#8221;&#8221;][vc_column][vc_column_text] PRESENTATION DU SITE En vertu de l\u2019article 6 de la loi n\u00b0 2004-575 du 21 juin 2004 pour la confiance dans l\u2019\u00e9conomie num\u00e9rique, les diff\u00e9rents intervenants du site dans le cadre de sa r\u00e9alisation et de son suivi...\" \/>\n<meta property=\"og:url\" content=\"https:\/\/myfrenchmobility.com\/en\/legal-notice\/\" \/>\n<meta property=\"og:site_name\" content=\"My French Mobility\" \/>\n<meta property=\"article:modified_time\" content=\"2023-11-29T12:59:31+00:00\" \/>\n<meta name=\"twitter:card\" content=\"summary_large_image\" \/>\n<meta name=\"twitter:label1\" content=\"Est. reading time\" \/>\n\t<meta name=\"twitter:data1\" content=\"9 minutes\" \/>\n<script type=\"application\/ld+json\" class=\"yoast-schema-graph\">{\"@context\":\"https:\/\/schema.org\",\"@graph\":[{\"@type\":\"WebPage\",\"@id\":\"https:\/\/myfrenchmobility.com\/en\/legal-notice\/\",\"url\":\"https:\/\/myfrenchmobility.com\/en\/legal-notice\/\",\"name\":\"Legal notice - My French Mobility\",\"isPartOf\":{\"@id\":\"https:\/\/myfrenchmobility.com\/en\/#website\"},\"datePublished\":\"2023-11-28T09:44:22+00:00\",\"dateModified\":\"2023-11-29T12:59:31+00:00\",\"breadcrumb\":{\"@id\":\"https:\/\/myfrenchmobility.com\/en\/legal-notice\/#breadcrumb\"},\"inLanguage\":\"en-US\",\"potentialAction\":[{\"@type\":\"ReadAction\",\"target\":[\"https:\/\/myfrenchmobility.com\/en\/legal-notice\/\"]}]},{\"@type\":\"BreadcrumbList\",\"@id\":\"https:\/\/myfrenchmobility.com\/en\/legal-notice\/#breadcrumb\",\"itemListElement\":[{\"@type\":\"ListItem\",\"position\":1,\"name\":\"Accueil\",\"item\":\"https:\/\/myfrenchmobility.com\/en\/\"},{\"@type\":\"ListItem\",\"position\":2,\"name\":\"Legal notice\"}]},{\"@type\":\"WebSite\",\"@id\":\"https:\/\/myfrenchmobility.com\/en\/#website\",\"url\":\"https:\/\/myfrenchmobility.com\/en\/\",\"name\":\"My French Mobility\",\"description\":\"Votre partenaire dans votre voyage international\",\"potentialAction\":[{\"@type\":\"SearchAction\",\"target\":{\"@type\":\"EntryPoint\",\"urlTemplate\":\"https:\/\/myfrenchmobility.com\/en\/?s={search_term_string}\"},\"query-input\":\"required name=search_term_string\"}],\"inLanguage\":\"en-US\"}]}<\/script>\n<!-- \/ Yoast SEO plugin. -->","yoast_head_json":{"title":"Legal notice - My French Mobility","robots":{"index":"noindex","follow":"nofollow"},"og_locale":"en_US","og_type":"article","og_title":"Legal notice - My French Mobility","og_description":"[vc_row pix_particles_check=&#8221;&#8221;][vc_column][vc_column_text] PRESENTATION DU SITE En vertu de l\u2019article 6 de la loi n\u00b0 2004-575 du 21 juin 2004 pour la confiance dans l\u2019\u00e9conomie num\u00e9rique, les diff\u00e9rents intervenants du site dans le cadre de sa r\u00e9alisation et de son suivi...","og_url":"https:\/\/myfrenchmobility.com\/en\/legal-notice\/","og_site_name":"My French Mobility","article_modified_time":"2023-11-29T12:59:31+00:00","twitter_card":"summary_large_image","twitter_misc":{"Est. reading time":"9 minutes"},"schema":{"@context":"https:\/\/schema.org","@graph":[{"@type":"WebPage","@id":"https:\/\/myfrenchmobility.com\/en\/legal-notice\/","url":"https:\/\/myfrenchmobility.com\/en\/legal-notice\/","name":"Legal notice - My French Mobility","isPartOf":{"@id":"https:\/\/myfrenchmobility.com\/en\/#website"},"datePublished":"2023-11-28T09:44:22+00:00","dateModified":"2023-11-29T12:59:31+00:00","breadcrumb":{"@id":"https:\/\/myfrenchmobility.com\/en\/legal-notice\/#breadcrumb"},"inLanguage":"en-US","potentialAction":[{"@type":"ReadAction","target":["https:\/\/myfrenchmobility.com\/en\/legal-notice\/"]}]},{"@type":"BreadcrumbList","@id":"https:\/\/myfrenchmobility.com\/en\/legal-notice\/#breadcrumb","itemListElement":[{"@type":"ListItem","position":1,"name":"Accueil","item":"https:\/\/myfrenchmobility.com\/en\/"},{"@type":"ListItem","position":2,"name":"Legal notice"}]},{"@type":"WebSite","@id":"https:\/\/myfrenchmobility.com\/en\/#website","url":"https:\/\/myfrenchmobility.com\/en\/","name":"My French Mobility","description":"Votre partenaire dans votre voyage international","potentialAction":[{"@type":"SearchAction","target":{"@type":"EntryPoint","urlTemplate":"https:\/\/myfrenchmobility.com\/en\/?s={search_term_string}"},"query-input":"required name=search_term_string"}],"inLanguage":"en-US"}]}},"_links":{"self":[{"href":"https:\/\/myfrenchmobility.com\/en\/wp-json\/wp\/v2\/pages\/821","targetHints":{"allow":["GET"]}}],"collection":[{"href":"https:\/\/myfrenchmobility.com\/en\/wp-json\/wp\/v2\/pages"}],"about":[{"href":"https:\/\/myfrenchmobility.com\/en\/wp-json\/wp\/v2\/types\/page"}],"author":[{"embeddable":true,"href":"https:\/\/myfrenchmobility.com\/en\/wp-json\/wp\/v2\/users\/1"}],"replies":[{"embeddable":true,"href":"https:\/\/myfrenchmobility.com\/en\/wp-json\/wp\/v2\/comments?post=821"}],"version-history":[{"count":1,"href":"https:\/\/myfrenchmobility.com\/en\/wp-json\/wp\/v2\/pages\/821\/revisions"}],"predecessor-version":[{"id":934,"href":"https:\/\/myfrenchmobility.com\/en\/wp-json\/wp\/v2\/pages\/821\/revisions\/934"}],"wp:attachment":[{"href":"https:\/\/myfrenchmobility.com\/en\/wp-json\/wp\/v2\/media?parent=821"}],"curies":[{"name":"wp","href":"https:\/\/api.w.org\/{rel}","templated":true}]}}